{"id":1238,"date":"2016-01-21T01:12:00","date_gmt":"2016-01-20T23:12:00","guid":{"rendered":"http:\/\/www.oniric-factor.com\/?page_id=1238"},"modified":"2020-03-14T20:11:06","modified_gmt":"2020-03-14T18:11:06","slug":"msx-spring-warrior","status":"publish","type":"page","link":"https:\/\/www.oniric-factor.com\/retro-games\/msx-spring-warrior\/","title":{"rendered":"[MSX] Spring Warrior"},"content":{"rendered":"<figure id=\"attachment_1242\" aria-describedby=\"caption-attachment-1242\" style=\"width: 770px\" class=\"wp-caption aligncenter\"><a href=\"https:\/\/i0.wp.com\/www.oniric-factor.com\/wp-content\/uploads\/2016\/01\/31.png\"><img data-recalc-dims=\"1\" loading=\"lazy\" decoding=\"async\" class=\"size-full wp-image-1242\" src=\"https:\/\/i0.wp.com\/www.oniric-factor.com\/wp-content\/uploads\/2016\/01\/31.png?resize=770%2C578\" alt=\"Spring Warrior 2016\" width=\"770\" height=\"578\" srcset=\"https:\/\/i0.wp.com\/www.oniric-factor.com\/wp-content\/uploads\/2016\/01\/31.png?w=770&amp;ssl=1 770w, https:\/\/i0.wp.com\/www.oniric-factor.com\/wp-content\/uploads\/2016\/01\/31.png?resize=600%2C450&amp;ssl=1 600w, https:\/\/i0.wp.com\/www.oniric-factor.com\/wp-content\/uploads\/2016\/01\/31.png?resize=300%2C225&amp;ssl=1 300w\" sizes=\"auto, (max-width: 770px) 100vw, 770px\" \/><\/a><figcaption id=\"caption-attachment-1242\" class=\"wp-caption-text\">Spring Warrior: \u00a1Encarna al se\u00f1or del bosque!<\/figcaption><\/figure>\n<p><span style=\"text-decoration: underline;\"><strong>SPRING WARRIOR<br \/>\n<\/strong><\/span><\/p>\n<p><strong>Plataforma:<\/strong> Est\u00e1ndar MSX2<\/p>\n<p><strong><span class=\"googie_link\">Sinopsis<\/span>:<\/strong><\/p>\n<p>Cuentan los mas ancianos del lugar, cuando los vapores del orujo sueltan la lengua en las cantinas y el calor de la hoguera calienta los pies helados por el fr\u00edo: que desde muy antiguo, cuando el equinoccio se aproxima, el se\u00f1or de los bosques se abre paso a trav\u00e9s de los mas inh\u00f3spitos parajes para traer consigo al esp\u00edritu de la primavera.<\/p>\n<p>A veces, si prestas suficiente atenci\u00f3n, se puede alcanzar a o\u00edr su baladro burl\u00f3n mientras desaf\u00eda al invierno, reverdeciendo sus campos.<\/p>\n<p>Quiz\u00e1s, incluso llegues a vislumbrar su figura danzando sobre los montes a plena luz del d\u00eda, o entre las lapidas del camposanto, al caer la noche.<\/p>\n<p>\u00a1Encarna al se\u00f1or del bosque, desaf\u00eda a los esp\u00edritus del invierno y trae de vuelta el calor de la primavera!<\/p>\n<p><strong>Instrucciones:<\/strong><\/p>\n<p>Recorre todas las plataformas para reverdecer los campos, mientras esquivas a los sicarios del fr\u00edo.<\/p>\n<p>Desplazamiento: Cursores \/ Joystick<\/p>\n<p>Salto: Tecla espacio \/ Bot\u00f3n acci\u00f3n<\/p>\n<p>Ca\u00edda: Espacio + cursor abajo \/ Bot\u00f3n acci\u00f3n + palanca abajo<\/p>\n<p>Supera todos los escenarios para traer de nuevo la primavera. Coge los frutos para conseguir vidas extra.<\/p>\n<p>Si no quieres ver como el juego literalmente <strong><span style=\"text-decoration: underline;\">vuela<\/span><\/strong> cuando juegas en un MSX2 TurboR,<strong> desactiva el modo R800 pulsando la tecla 1 durante el arranque de tu m\u00e1quina<\/strong>, maldito suertudo. <strong>(*)<\/strong><\/p>\n<p>Otro nuevo juego para MSX2, el primero de este 2016 en el que esperamos sacar por lo menos, un par de juegos mas. \ud83d\ude42<\/p>\n<p>En esta ocasi\u00f3n hemos creado un plataformas con una mec\u00e1nica muy parecida a la de t\u00edtulos como City Connection, pero con ciertas peculiaridades que esperamos os hagan disfrutar de lo lindo con el se\u00f1or del bosque.<\/p>\n<p>El juego consta de quince niveles repartidos en tres parajes diferentes, en los que se ir\u00e1n a\u00f1adiendo nuevos tipos de enemigos que te forzar\u00e1n a cambiar tu estrategia de juego, tambi\u00e9n tiene una particularidad que lo hace especialmente interesante y rejugable, y es que hemos dise\u00f1ado un motor de generaci\u00f3n de niveles gracias al cual, cada partida es diferente de la anterior.<\/p>\n<p>Otra novedad con respecto a t\u00edtulos anteriores, es que el juego trae por fin m\u00fasica PSG ingame. Hemos de dar nuestro mas sincero agradecimiento a <strong>WYZ MSX<\/strong>, ya que sin su ayuda, no podr\u00edamos haberle a\u00f1adido m\u00fasica a este juego. \u00a1Un encanto de se\u00f1or!<\/p>\n<p>Para animarlo sonoramente, hemos trasladado un par de temas del folclore irland\u00e9s, que creo que van muy acorde con el esp\u00edritu del juego. Desde Oniric, esperamos sinceramente que disfrut\u00e9is este juego tanto como nosotros haci\u00e9ndolo.<\/p>\n<p><strong>MSX FOREVER!!<\/strong><\/p>\n<p><strong><a title=\"Spring Warrior v1.0\" href=\"http:\/\/www.oniric-factor.com\/msx\/springwarrior.rar\">Spring Warrior v1.1<\/a><\/strong><\/p>\n<p><strong>(*)<\/strong> Actualizaci\u00f3n: Gracias a la ayuda de Imanok, en esta versi\u00f3n hemos a\u00f1adido la desconexi\u00f3n autom\u00e1tica del R800 en ordenadores TurboR. De paso hemos aprovechado para mejorar el aspecto visual al terminar los niveles.<\/p>\n","protected":false},"excerpt":{"rendered":"<p>SPRING WARRIOR Plataforma: Est\u00e1ndar MSX2 Sinopsis: Cuentan los mas ancianos del lugar, cuando los vapores del orujo sueltan la lengua en las cantinas y el calor de la hoguera calienta los pies helados por el fr\u00edo: que desde muy antiguo, cuando el equinoccio se aproxima, el se\u00f1or de los bosques se abre paso a trav\u00e9s [&hellip;]<\/p>\n","protected":false},"author":1,"featured_media":1990,"parent":460,"menu_order":0,"comment_status":"open","ping_status":"open","template":"","meta":{"jetpack_post_was_ever_published":false,"footnotes":""},"class_list":["post-1238","page","type-page","status-publish","has-post-thumbnail","hentry"],"blocksy_meta":[],"jetpack_shortlink":"https:\/\/wp.me\/P5dSJl-jY","jetpack_sharing_enabled":true,"_links":{"self":[{"href":"https:\/\/www.oniric-factor.com\/wp-json\/wp\/v2\/pages\/1238","targetHints":{"allow":["GET"]}}],"collection":[{"href":"https:\/\/www.oniric-factor.com\/wp-json\/wp\/v2\/pages"}],"about":[{"href":"https:\/\/www.oniric-factor.com\/wp-json\/wp\/v2\/types\/page"}],"author":[{"embeddable":true,"href":"https:\/\/www.oniric-factor.com\/wp-json\/wp\/v2\/users\/1"}],"replies":[{"embeddable":true,"href":"https:\/\/www.oniric-factor.com\/wp-json\/wp\/v2\/comments?post=1238"}],"version-history":[{"count":12,"href":"https:\/\/www.oniric-factor.com\/wp-json\/wp\/v2\/pages\/1238\/revisions"}],"predecessor-version":[{"id":3582,"href":"https:\/\/www.oniric-factor.com\/wp-json\/wp\/v2\/pages\/1238\/revisions\/3582"}],"up":[{"embeddable":true,"href":"https:\/\/www.oniric-factor.com\/wp-json\/wp\/v2\/pages\/460"}],"wp:featuredmedia":[{"embeddable":true,"href":"https:\/\/www.oniric-factor.com\/wp-json\/wp\/v2\/media\/1990"}],"wp:attachment":[{"href":"https:\/\/www.oniric-factor.com\/wp-json\/wp\/v2\/media?parent=1238"}],"curies":[{"name":"wp","href":"https:\/\/api.w.org\/{rel}","templated":true}]}}