{"id":1056,"date":"2015-05-09T23:14:55","date_gmt":"2015-05-09T21:14:55","guid":{"rendered":"http:\/\/www.oniric-factor.com\/?page_id=1056"},"modified":"2020-03-14T20:13:01","modified_gmt":"2020-03-14T18:13:01","slug":"msx-dribol","status":"publish","type":"page","link":"https:\/\/www.oniric-factor.com\/retro-games\/msx-dribol\/","title":{"rendered":"[MSX] Dribol"},"content":{"rendered":"<figure id=\"attachment_1070\" aria-describedby=\"caption-attachment-1070\" style=\"width: 892px\" class=\"wp-caption aligncenter\"><a href=\"https:\/\/i0.wp.com\/www.oniric-factor.com\/wp-content\/uploads\/2015\/05\/Dribol-Title1.jpg\"><img data-recalc-dims=\"1\" loading=\"lazy\" decoding=\"async\" class=\"size-full wp-image-1070\" src=\"https:\/\/i0.wp.com\/www.oniric-factor.com\/wp-content\/uploads\/2015\/05\/Dribol-Title1.jpg?resize=892%2C654\" alt=\"El siempre sonriente Dribol y si destornillador cuantico. \" width=\"892\" height=\"654\" srcset=\"https:\/\/i0.wp.com\/www.oniric-factor.com\/wp-content\/uploads\/2015\/05\/Dribol-Title1.jpg?w=892&amp;ssl=1 892w, https:\/\/i0.wp.com\/www.oniric-factor.com\/wp-content\/uploads\/2015\/05\/Dribol-Title1.jpg?resize=600%2C440&amp;ssl=1 600w, https:\/\/i0.wp.com\/www.oniric-factor.com\/wp-content\/uploads\/2015\/05\/Dribol-Title1.jpg?resize=300%2C219&amp;ssl=1 300w\" sizes=\"auto, (max-width: 892px) 100vw, 892px\" \/><\/a><figcaption id=\"caption-attachment-1070\" class=\"wp-caption-text\">El siempre sonriente Dribol y su destornillador cu\u00e1ntico.<\/figcaption><\/figure>\n<p style=\"text-align: left;\"><span style=\"text-decoration: underline;\"><strong>DRIBOL<br \/>\n<\/strong><\/span><\/p>\n<p style=\"text-align: left;\"><strong>Plataforma:<\/strong> Est\u00e1ndar MSX2<\/p>\n<p><strong><span class=\"googie_link\">Sinopsis<\/span>:<\/strong>\u00a0 El cargero estelar en el que viajas ha sufrido un cachiporrazo catastr\u00f3fico que lo ha colocado en ruta de colisi\u00f3n con una estrella cercana. Tu encarnas a Dribol, el robot mol\u00f3n de mantenimiento que tendra que encargarse de reparar la nave, mientras la tripulaci\u00f3n continua amodorrada en sus capsulas de hipersue\u00f1o. \u00bfSer\u00e1s cap\u00e1z de cumplir tu misi\u00f3n en los escasos segundos que os separan del desastre?<\/p>\n<p>Usa los cursores para desplazar a Dribol por la nave.<\/p>\n<p>Con las teclas de Funci\u00f3n <strong>F1<\/strong>&#8211;<strong>F3<\/strong> podr\u00e1s ejecutar diferentes acciones.<\/p>\n<p><strong>Notas adicionales:<\/strong> Cuarto videojuego de <a title=\"Acerca de Nosotros\" href=\"http:\/\/www.oniric-factor.com\/?page_id=585\"><strong>Oniric Factor<\/strong><\/a> programado para el est\u00e1ndar japon\u00e9s. En esta ocasi\u00f3n a manos de Jorge Romero, graf\u00edsta y cofundador de\u00a0<span class=\"googie_link\">Oniric<\/span>. \u00a1Ya le vamos pillando el truco! <img data-recalc-dims=\"1\" decoding=\"async\" style=\"margin-left: 3px; margin-right: 3px; vertical-align: middle; width: 24px; height: 24px; -webkit-box-shadow: none; -moz-box-shadow: none; box-shadow: none;\" src=\"https:\/\/i0.wp.com\/www.oniric-factor.com\/wp-content\/plugins\/wp-emoji-one\/icons\/1F601.png?w=1290\" alt=\"\" \/><\/p>\n<p>En esta ocasi\u00f3n me he enfocado directamente en los MSX de segunda generaci\u00f3n. Ten\u00eda bastante inter\u00e9s en aprender el funcionamiento de las pantallas en modo patr\u00f3n y trabajando en SC4 mataba dos p\u00e1jaros de un tiro, dada su similitud con el modo SC2 de MSX1. De nuevo este proyecto ha nacido de mi intenci\u00f3n de mejorar mis conocimientos del sistema, pero he procurado que aunque corto, sea un juego completo y divertido. Tambi\u00e9n he experimentado un poco con la mec\u00e1nica, con un g\u00e9nero que no hab\u00eda tocado antes y que espero que os guste. En el archivo adjunto ten\u00e9is los editables en ASCII y una imagen .<span class=\"googie_link\">DSK<\/span>.\u00a0 Es preciso <strong>arrancar el MSX con la tecla CTRL pulsada<\/strong>, ya que el reproductor de PT3 se situa en las zonas altas de memoria y es preciso liberar ese espacio durante el arranque. De nuevo, Dribol tiene previsto un testeo profundo en m\u00e1quinas reales; concretamente en el modelo MSX2 Philips NMS8245, que es el que tengo en casa.<\/p>\n<p>\u00a1\u00a1Feliz 30 aniversario se\u00f1or <strong>MSX2<\/strong>!! <img data-recalc-dims=\"1\" decoding=\"async\" style=\"margin-left: 3px; margin-right: 3px; vertical-align: middle; width: 24px; height: 24px; -webkit-box-shadow: none; -moz-box-shadow: none; box-shadow: none;\" src=\"https:\/\/i0.wp.com\/www.oniric-factor.com\/wp-content\/plugins\/wp-emoji-one\/icons\/1F60E.png?w=1290\" alt=\"\" \/><\/p>\n<p><strong>Edici\u00f3n 10\/0672015: Proyecto actualizado a su versi\u00f3n 1.1 con mejoras en sonido y parche para MSX2 TurboR creado por el usuario <a href=\"http:\/\/www.msx.org\/users\/gdx\">GDX <img data-recalc-dims=\"1\" decoding=\"async\" style=\"margin-left: 3px; margin-right: 3px; vertical-align: middle; width: 24px; height: 24px; -webkit-box-shadow: none; -moz-box-shadow: none; box-shadow: none;\" src=\"https:\/\/i0.wp.com\/www.oniric-factor.com\/wp-content\/plugins\/wp-emoji-one\/icons\/1F601.png?w=1290\" alt=\"\" \/><\/a><\/strong><\/p>\n<p><a title=\"DESCARGA DRIBOL V1.0\" href=\"http:\/\/www.oniric-factor.com\/msx\/dribolmsx.rar\"><strong>DESCARGA DRIBOL v1.1<\/strong><\/p>\n<p><\/a><\/p>\n","protected":false},"excerpt":{"rendered":"<p>DRIBOL Plataforma: Est\u00e1ndar MSX2 Sinopsis:\u00a0 El cargero estelar en el que viajas ha sufrido un cachiporrazo catastr\u00f3fico que lo ha colocado en ruta de colisi\u00f3n con una estrella cercana. Tu encarnas a Dribol, el robot mol\u00f3n de mantenimiento que tendra que encargarse de reparar la nave, mientras la tripulaci\u00f3n continua amodorrada en sus capsulas de [&hellip;]<\/p>\n","protected":false},"author":1,"featured_media":1989,"parent":460,"menu_order":0,"comment_status":"open","ping_status":"open","template":"","meta":{"jetpack_post_was_ever_published":false,"footnotes":""},"class_list":["post-1056","page","type-page","status-publish","has-post-thumbnail","hentry"],"blocksy_meta":[],"jetpack_shortlink":"https:\/\/wp.me\/P5dSJl-h2","jetpack_sharing_enabled":true,"_links":{"self":[{"href":"https:\/\/www.oniric-factor.com\/wp-json\/wp\/v2\/pages\/1056","targetHints":{"allow":["GET"]}}],"collection":[{"href":"https:\/\/www.oniric-factor.com\/wp-json\/wp\/v2\/pages"}],"about":[{"href":"https:\/\/www.oniric-factor.com\/wp-json\/wp\/v2\/types\/page"}],"author":[{"embeddable":true,"href":"https:\/\/www.oniric-factor.com\/wp-json\/wp\/v2\/users\/1"}],"replies":[{"embeddable":true,"href":"https:\/\/www.oniric-factor.com\/wp-json\/wp\/v2\/comments?post=1056"}],"version-history":[{"count":16,"href":"https:\/\/www.oniric-factor.com\/wp-json\/wp\/v2\/pages\/1056\/revisions"}],"predecessor-version":[{"id":3584,"href":"https:\/\/www.oniric-factor.com\/wp-json\/wp\/v2\/pages\/1056\/revisions\/3584"}],"up":[{"embeddable":true,"href":"https:\/\/www.oniric-factor.com\/wp-json\/wp\/v2\/pages\/460"}],"wp:featuredmedia":[{"embeddable":true,"href":"https:\/\/www.oniric-factor.com\/wp-json\/wp\/v2\/media\/1989"}],"wp:attachment":[{"href":"https:\/\/www.oniric-factor.com\/wp-json\/wp\/v2\/media?parent=1056"}],"curies":[{"name":"wp","href":"https:\/\/api.w.org\/{rel}","templated":true}]}}